{"id":74,"date":"2025-10-13T12:52:44","date_gmt":"2025-10-13T10:52:44","guid":{"rendered":"https:\/\/olle-wp.vlab.fi\/wp-ruoka3\/?page_id=74"},"modified":"2025-10-13T12:53:22","modified_gmt":"2025-10-13T10:53:22","slug":"perhekassi","status":"publish","type":"page","link":"https:\/\/olle-wp.vlab.fi\/wp-ruoka3\/index.php\/perhekassi\/","title":{"rendered":"Perhekassi"},"content":{"rendered":"\n<div class=\"wp-block-columns is-layout-flex wp-container-core-columns-is-layout-28f84493 wp-block-columns-is-layout-flex\">\n<div class=\"wp-block-column is-layout-flow wp-block-column-is-layout-flow\">\n<figure class=\"wp-block-image aligncenter size-medium\"><img loading=\"lazy\" decoding=\"async\" width=\"217\" height=\"300\" src=\"https:\/\/olle-wp.vlab.fi\/wp-ruoka3\/wp-content\/uploads\/2025\/10\/kassi4000x5536-217x300.png\" alt=\"\" class=\"wp-image-48\" srcset=\"https:\/\/olle-wp.vlab.fi\/wp-ruoka3\/wp-content\/uploads\/2025\/10\/kassi4000x5536-217x300.png 217w, https:\/\/olle-wp.vlab.fi\/wp-ruoka3\/wp-content\/uploads\/2025\/10\/kassi4000x5536-740x1024.png 740w, https:\/\/olle-wp.vlab.fi\/wp-ruoka3\/wp-content\/uploads\/2025\/10\/kassi4000x5536-768x1063.png 768w, https:\/\/olle-wp.vlab.fi\/wp-ruoka3\/wp-content\/uploads\/2025\/10\/kassi4000x5536.png 865w\" sizes=\"auto, (max-width: 217px) 100vw, 217px\" \/><\/figure>\n\n\n\n<p class=\"has-text-align-center has-ast-global-color-5-color has-text-color has-link-color wp-elements-1a106d5598e93ca2b6c088a9ee83dadd\">Kaikkea perheelle<\/p>\n\n\n\n<p class=\"has-text-align-center has-ast-global-color-2-color has-text-color has-link-color wp-elements-7acc50610924b5f81b787388a5c744f0\">Sis\u00e4lt\u00e4\u00e4 kaiken mit\u00e4 tarvitset jotta voisit hyvin<\/p>\n\n\n\n<p class=\"has-text-align-center has-ast-global-color-2-color has-text-color has-link-color wp-elements-121f38f16c3dfcb858eb32bbbe58cc25\">Resepti: Maukas viherlautanen<\/p>\n<\/div>\n<\/div>\n\n\n\n<div class=\"wp-block-columns is-layout-flex wp-container-core-columns-is-layout-8f59686e wp-block-columns-is-layout-flex\" style=\"margin-top:0;margin-bottom:0;padding-top:0;padding-right:var(--wp--preset--spacing--80);padding-bottom:0;padding-left:var(--wp--preset--spacing--80)\">\n<div class=\"wp-block-column is-layout-flow wp-block-column-is-layout-flow\">\n<p class=\"has-ast-global-color-5-color has-ast-global-color-3-background-color has-text-color has-background has-link-color wp-elements-83f18862ff042b7e72abe624e18a81d1\">Lorem ipsum dolor sit amet consectetur adipiscing elit. Quisque faucibus ex sapien vitae pellentesque sem placerat. In id cursus mi pretium tellus duis convallis. Tempus leo eu aenean sed diam urna tempor. Pulvinar vivamus fringilla lacus nec metus <\/p>\n<\/div>\n<\/div>\n\n\n\n<div style=\"height:23px\" aria-hidden=\"true\" class=\"wp-block-spacer\"><\/div>\n\n\n\n<div class=\"wp-block-columns is-layout-flex wp-container-core-columns-is-layout-28f84493 wp-block-columns-is-layout-flex\">\n<div class=\"wp-block-column has-ast-global-color-3-background-color has-background is-layout-flow wp-block-column-is-layout-flow\">\n<p class=\"has-text-align-center has-ast-global-color-5-color has-text-color has-link-color wp-elements-5e39556de674143c642acc8f3a698733\">Lorem ipsum dolor sit amet consectetur adipiscing elit. Quisque faucibus ex sapien vitae pellentesque sem placerat. In id cursus mi pretium tellus duis convallis. Tempus leo eu aenean sed diam urna tempor. Pulvinar vivamus fringilla lacus nec metus bibendum egestas. Iaculis massa nisl malesuada lacinia integer nunc posuere. Ut hendrerit semper vel class aptent taciti sociosqu. Ad litora torquent per conubia nostra inceptos himenaeos. Tempus leo eu aenean sed diam urna tempor. Pulvinar vivamus fringilla lacus nec metus <\/p>\n<\/div>\n<\/div>\n\n\n\n<div class=\"wp-block-columns is-layout-flex wp-container-core-columns-is-layout-28f84493 wp-block-columns-is-layout-flex\"><\/div>\n\n\n\n<div class=\"wp-block-columns is-layout-flex wp-container-core-columns-is-layout-2d7698b3 wp-block-columns-is-layout-flex\" style=\"padding-right:0;padding-left:0\">\n<div class=\"wp-block-column has-ast-global-color-3-background-color has-background is-layout-flow wp-block-column-is-layout-flow\" style=\"padding-right:var(--wp--preset--spacing--20);padding-left:var(--wp--preset--spacing--20)\">\n<p><\/p>\n\n\n\n<h2 class=\"wp-block-heading has-text-align-center has-ast-global-color-5-color has-text-color has-link-color has-medium-font-size wp-elements-7d9032c4a498edb67f292d08aae43c9b\">Resepti 1<\/h2>\n\n\n\n<p class=\"has-ast-global-color-5-color has-text-color has-link-color wp-elements-5d9ec3e35b9bab206928b19523851297\">Tempus leo eu aenean sed diam urna tempor. Pulvinar vivamus fringilla lacus nec metus Tempus leo eu aenean sed diam urna tempor. Pulvinar vivamus fringilla lacus nec metus Tempus leo eu aenean sed diam urna tempor. Pulvinar vivamus fringilla lacus nec metus Tempus leo eu aenean sed diam urna tempor. Pulvinar vivamus fringilla lacus nec metus Tempus leo eu aenean sed diam urna tempor. Pulvinar vivamus fringilla lacus nec metus Tempus leo eu aenean sed diam urna tempor. Pulvinar vivamus fringilla lacus nec metus Tempus leo eu aenean sed diam urna tempor. Pulvinar vivamus fringilla lacus nec metus Tempus leo eu aenean sed diam urna tempor. Pulvinar vivamus fringilla lacus nec metus Tempus leo eu aenean sed diam urna tempor. Pulvinar vivamus fringilla lacus nec metus Tempus leo eu aenean sed diam urna tempor. Pulvinar vivamus fringilla lacus nec metus Tempus leo eu aenean sed diam urna tempor. Pulvinar vivamus fringilla lacus nec metus Tempus leo eu aenean sed diam urna tempor. Pulvinar vivamus fringilla lacus nec metus <\/p>\n<\/div>\n\n\n\n<div class=\"wp-block-column has-ast-global-color-3-background-color has-background is-layout-flow wp-container-core-column-is-layout-7c6f89b2 wp-block-column-is-layout-flow\" style=\"padding-right:var(--wp--preset--spacing--20);padding-left:var(--wp--preset--spacing--20)\">\n<p><\/p>\n\n\n\n<h2 class=\"wp-block-heading has-text-align-center has-ast-global-color-5-color has-text-color has-link-color has-medium-font-size wp-elements-276e5452f9851c7c0b07c4f0f8a64905\">Resepti 2<\/h2>\n\n\n\n<p class=\"has-ast-global-color-5-color has-text-color has-link-color wp-elements-4e24fd68f5e9359a0b7167367a8bd135\">Tempus leo eu aenean sed diam urna tempor. Pulvinar vivamus fringilla lacus nec metus Tempus leo eu aenean sed diam urna tempor. Pulvinar vivamus fringilla lacus nec metus Tempus leo eu aenean sed diam urna tempor. Pulvinar vivamus fringilla lacus nec metus Tempus leo eu aenean sed diam urna tempor. Pulvinar vivamus fringilla lacus nec metus Tempus leo eu aenean sed diam urna tempor. Pulvinar vivamus fringilla lacus nec metus Tempus leo eu aenean sed diam urna tempor. Pulvinar vivamus fringilla lacus nec metus Tempus leo eu aenean sed diam urna tempor. Pulvinar vivamus fringilla lacus nec metus Tempus leo eu aenean sed diam urna tempor. Pulvinar vivamus fringilla lacus nec metus Tempus leo eu aenean sed diam urna tempor. Pulvinar vivamus fringilla lacus nec metus Tempus leo eu aenean sed diam urna tempor. Pulvinar vivamus fringilla lacus nec metus Tempus leo eu aenean sed diam urna tempor. Pulvinar vivamus fringilla lacus nec metus <\/p>\n<\/div>\n<\/div>\n\n\n\n<p><\/p>\n","protected":false},"excerpt":{"rendered":"<p>Kaikkea perheelle Sis\u00e4lt\u00e4\u00e4 kaiken mit\u00e4 tarvitset jotta voisit hyvin Resepti: Maukas viherlautanen Lorem ipsum dolor sit amet consectetur adipiscing elit. [&hellip;]<\/p>\n","protected":false},"author":1,"featured_media":0,"parent":0,"menu_order":0,"comment_status":"closed","ping_status":"closed","template":"","meta":{"_uag_custom_page_level_css":"","site-sidebar-layout":"right-sidebar","site-content-layout":"","ast-site-content-layout":"default","site-content-style":"default","site-sidebar-style":"boxed","ast-global-header-display":"","ast-banner-title-visibility":"","ast-main-header-display":"","ast-hfb-above-header-display":"","ast-hfb-below-header-display":"","ast-hfb-mobile-header-display":"","site-post-title":"disabled","ast-breadcrumbs-content":"","ast-featured-img":"","footer-sml-layout":"","ast-disable-related-posts":"","theme-transparent-header-meta":"","adv-header-id-meta":"","stick-header-meta":"","header-above-stick-meta":"","header-main-stick-meta":"","header-below-stick-meta":"","astra-migrate-meta-layouts":"default","ast-page-background-enabled":"default","ast-page-background-meta":{"desktop":{"background-color":"var(--ast-global-color-5)","background-image":"","background-repeat":"repeat","background-position":"center center","background-size":"auto","background-attachment":"scroll","background-type":"","background-media":"","overlay-type":"","overlay-color":"","overlay-opacity":"","overlay-gradient":""},"tablet":{"background-color":"","background-image":"","background-repeat":"repeat","background-position":"center center","background-size":"auto","background-attachment":"scroll","background-type":"","background-media":"","overlay-type":"","overlay-color":"","overlay-opacity":"","overlay-gradient":""},"mobile":{"background-color":"","background-image":"","background-repeat":"repeat","background-position":"center center","background-size":"auto","background-attachment":"scroll","background-type":"","background-media":"","overlay-type":"","overlay-color":"","overlay-opacity":"","overlay-gradient":""}},"ast-content-background-meta":{"desktop":{"background-color":"var(--ast-global-color-4)","background-image":"","background-repeat":"repeat","background-position":"center center","background-size":"auto","background-attachment":"scroll","background-type":"","background-media":"","overlay-type":"","overlay-color":"","overlay-opacity":"","overlay-gradient":""},"tablet":{"background-color":"var(--ast-global-color-4)","background-image":"","background-repeat":"repeat","background-position":"center center","background-size":"auto","background-attachment":"scroll","background-type":"","background-media":"","overlay-type":"","overlay-color":"","overlay-opacity":"","overlay-gradient":""},"mobile":{"background-color":"var(--ast-global-color-4)","background-image":"","background-repeat":"repeat","background-position":"center center","background-size":"auto","background-attachment":"scroll","background-type":"","background-media":"","overlay-type":"","overlay-color":"","overlay-opacity":"","overlay-gradient":""}},"footnotes":""},"class_list":["post-74","page","type-page","status-publish","hentry"],"uagb_featured_image_src":{"full":false,"thumbnail":false,"medium":false,"medium_large":false,"large":false,"1536x1536":false,"2048x2048":false},"uagb_author_info":{"display_name":"admin","author_link":"https:\/\/olle-wp.vlab.fi\/wp-ruoka3\/index.php\/author\/admin\/"},"uagb_comment_info":0,"uagb_excerpt":"Kaikkea perheelle Sis\u00e4lt\u00e4\u00e4 kaiken mit\u00e4 tarvitset jotta voisit hyvin Resepti: Maukas viherlautanen Lorem ipsum dolor sit amet consectetur adipiscing elit. [&hellip;]","_links":{"self":[{"href":"https:\/\/olle-wp.vlab.fi\/wp-ruoka3\/index.php\/wp-json\/wp\/v2\/pages\/74","targetHints":{"allow":["GET"]}}],"collection":[{"href":"https:\/\/olle-wp.vlab.fi\/wp-ruoka3\/index.php\/wp-json\/wp\/v2\/pages"}],"about":[{"href":"https:\/\/olle-wp.vlab.fi\/wp-ruoka3\/index.php\/wp-json\/wp\/v2\/types\/page"}],"author":[{"embeddable":true,"href":"https:\/\/olle-wp.vlab.fi\/wp-ruoka3\/index.php\/wp-json\/wp\/v2\/users\/1"}],"replies":[{"embeddable":true,"href":"https:\/\/olle-wp.vlab.fi\/wp-ruoka3\/index.php\/wp-json\/wp\/v2\/comments?post=74"}],"version-history":[{"count":2,"href":"https:\/\/olle-wp.vlab.fi\/wp-ruoka3\/index.php\/wp-json\/wp\/v2\/pages\/74\/revisions"}],"predecessor-version":[{"id":77,"href":"https:\/\/olle-wp.vlab.fi\/wp-ruoka3\/index.php\/wp-json\/wp\/v2\/pages\/74\/revisions\/77"}],"wp:attachment":[{"href":"https:\/\/olle-wp.vlab.fi\/wp-ruoka3\/index.php\/wp-json\/wp\/v2\/media?parent=74"}],"curies":[{"name":"wp","href":"https:\/\/api.w.org\/{rel}","templated":true}]}}